{"id":1176,"date":"2025-12-05T02:39:43","date_gmt":"2025-12-05T01:39:43","guid":{"rendered":"https:\/\/aronkaposi.com\/?page_id=1176"},"modified":"2025-12-31T08:53:39","modified_gmt":"2025-12-31T07:53:39","slug":"statement","status":"publish","type":"page","link":"https:\/\/aronkaposi.com\/index.php\/statement\/","title":{"rendered":"Statement"},"content":{"rendered":"\n<div id=\"section-g-1depueb\" class=\"wp-block-gutentor-e6 section-g-1depueb gutentor-element gutentor-element-image\"><div class=\"gutentor-element-image-box\"><div class=\"gutentor-image-thumb\"><img decoding=\"async\" class=\"normal-image\" src=\"https:\/\/aronkaposi.com\/wp-content\/uploads\/2025\/12\/en-scaled.jpg\"\/><\/div><\/div><\/div>\n\n\n\n<p>\u00bfY si no dejamos nuestras ra\u00edces a crecer tanto que se sienten rellenos con su tierra?<br>Es un \u00e1ngulo de visi\u00f3n por donde busco encontrar mi forma de entender una investigaci\u00f3n y  creaci\u00f3n.<\/p>\n\n\n\n<p>Suelo conllevar mi aportaci\u00f3n visual comprensiones y cuestiones abiertas hacia la condici\u00f3n humana de culturas lejanas, cuestionando si lo remoto ser\u00e1 tan ajeno como al principio parece.<\/p>\n\n\n\n<p>Deseo sostener el viaje tanto en la mente como vivido, como herramienta parecida a la m\u00e1s ideal con el fin de producir mis proyectos.<\/p>\n\n\n\n<p>Suelo centrar en t\u00e9cnicas m\u00e1s mat\u00e9ricas, escogidas de colecciones y reciclajes, que del multimedia.<br>Siento que la creaci\u00f3n para m\u00ed refleja a mis intenciones si aporta ruidos, sonidos o m\u00fasica de ciertos g\u00e9neros, modalidades divergentes de arte con los cuales vitalmente siempre sent\u00eda conexiones.<\/p>\n","protected":false},"excerpt":{"rendered":"<p>\u00bfY si no dejamos nuestras ra\u00edces a crecer tanto que se sienten rellenos con su tierra?Es un \u00e1ngulo de visi\u00f3n por donde busco encontrar mi forma de entender una investigaci\u00f3n y creaci\u00f3n. Suelo conllevar mi aportaci\u00f3n visual comprensiones y cuestiones abiertas hacia la condici\u00f3n humana de culturas lejanas, cuestionando si lo remoto ser\u00e1 tan ajeno [&hellip;]<\/p>\n","protected":false},"author":1,"featured_media":0,"parent":0,"menu_order":0,"comment_status":"closed","ping_status":"closed","template":"","meta":{"om_disable_all_campaigns":false,"_monsterinsights_skip_tracking":false,"_monsterinsights_sitenote_active":false,"_monsterinsights_sitenote_note":"","_monsterinsights_sitenote_category":0,"_uf_show_specific_survey":0,"_uf_disable_surveys":false,"_vp_format_video_url":"","_vp_image_focal_point":[],"footnotes":""},"class_list":["post-1176","page","type-page","status-publish","hentry"],"blocksy_meta":[],"aioseo_notices":[],"_links":{"self":[{"href":"https:\/\/aronkaposi.com\/index.php\/wp-json\/wp\/v2\/pages\/1176","targetHints":{"allow":["GET"]}}],"collection":[{"href":"https:\/\/aronkaposi.com\/index.php\/wp-json\/wp\/v2\/pages"}],"about":[{"href":"https:\/\/aronkaposi.com\/index.php\/wp-json\/wp\/v2\/types\/page"}],"author":[{"embeddable":true,"href":"https:\/\/aronkaposi.com\/index.php\/wp-json\/wp\/v2\/users\/1"}],"replies":[{"embeddable":true,"href":"https:\/\/aronkaposi.com\/index.php\/wp-json\/wp\/v2\/comments?post=1176"}],"version-history":[{"count":19,"href":"https:\/\/aronkaposi.com\/index.php\/wp-json\/wp\/v2\/pages\/1176\/revisions"}],"predecessor-version":[{"id":1291,"href":"https:\/\/aronkaposi.com\/index.php\/wp-json\/wp\/v2\/pages\/1176\/revisions\/1291"}],"wp:attachment":[{"href":"https:\/\/aronkaposi.com\/index.php\/wp-json\/wp\/v2\/media?parent=1176"}],"curies":[{"name":"wp","href":"https:\/\/api.w.org\/{rel}","templated":true}]}}